{"id":277,"date":"2026-05-14T16:21:45","date_gmt":"2026-05-14T16:21:45","guid":{"rendered":"https:\/\/benebless.afcagh.com\/?st-import=7c13ca2ed7b8be81fc2d55ac85975d3e"},"modified":"2026-05-14T17:15:52","modified_gmt":"2026-05-14T17:15:52","slug":"services","status":"publish","type":"page","link":"https:\/\/benebless.afcagh.com\/fr\/services\/","title":{"rendered":"Services"},"content":{"rendered":"<div data-elementor-type=\"wp-page\" data-elementor-id=\"277\" class=\"elementor elementor-277\">\n\t\t\t\t<div class=\"elementor-element elementor-element-08d2b1d e-flex e-con-boxed e-con e-parent\" data-id=\"08d2b1d\" data-element_type=\"container\" data-e-type=\"container\" data-settings=\"{&quot;background_background&quot;:&quot;classic&quot;}\">\n\t\t\t\t\t<div class=\"e-con-inner\">\n\t\t\t\t<div class=\"elementor-element elementor-element-cb732a3 elementor-widget elementor-widget-heading\" data-id=\"cb732a3\" data-element_type=\"widget\" data-e-type=\"widget\" data-widget_type=\"heading.default\">\n\t\t\t\t\t<h1 class=\"elementor-heading-title elementor-size-default\">Solutions de Voyage<\/h1>\t\t\t\t<\/div>\n\t\t\t\t\t<\/div>\n\t\t\t\t<\/div>\n\t\t<div class=\"elementor-element elementor-element-1821ff6 e-flex e-con-boxed e-con e-parent\" data-id=\"1821ff6\" data-element_type=\"container\" data-e-type=\"container\" data-settings=\"{&quot;background_background&quot;:&quot;classic&quot;}\">\n\t\t\t\t\t<div class=\"e-con-inner\">\n\t\t\t\t<div class=\"elementor-element elementor-element-63eecf7 elementor-widget elementor-widget-image-box\" data-id=\"63eecf7\" data-element_type=\"widget\" data-e-type=\"widget\" data-widget_type=\"image-box.default\">\n\t\t\t\t\t<div class=\"elementor-image-box-wrapper\"><div class=\"elementor-image-box-content\"><h2 class=\"elementor-image-box-title\">D\u00e9couvrez nos services principaux<\/h2><p class=\"elementor-image-box-description\">Explorez nos offres personnalis\u00e9es con\u00e7ues pour am\u00e9liorer votre exp\u00e9rience de voyage et simplifier le processus de planification.<\/p><\/div><\/div>\t\t\t\t<\/div>\n\t\t<div class=\"elementor-element elementor-element-a030e8e e-con-full e-flex e-con e-child\" data-id=\"a030e8e\" data-element_type=\"container\" data-e-type=\"container\">\n\t\t<div class=\"elementor-element elementor-element-caa14c2 e-con-full e-flex e-con e-child\" data-id=\"caa14c2\" data-element_type=\"container\" data-e-type=\"container\">\n\t\t\t\t<div class=\"elementor-element elementor-element-a740759 elementor-widget elementor-widget-image\" data-id=\"a740759\" data-element_type=\"widget\" data-e-type=\"widget\" data-widget_type=\"image.default\">\n\t\t\t\t\t\t\t\t\t\t\t\t\t\t\t<img fetchpriority=\"high\" decoding=\"async\" width=\"904\" height=\"1280\" src=\"https:\/\/benebless.afcagh.com\/wp-content\/uploads\/2026\/05\/benebless-travel-2-1.jpg\" class=\"attachment-full size-full wp-image-535\" alt=\"benebless travel 2.jpg\" srcset=\"https:\/\/benebless.afcagh.com\/wp-content\/uploads\/2026\/05\/benebless-travel-2-1.jpg 904w, https:\/\/benebless.afcagh.com\/wp-content\/uploads\/2026\/05\/benebless-travel-2-1-212x300.jpg 212w, https:\/\/benebless.afcagh.com\/wp-content\/uploads\/2026\/05\/benebless-travel-2-1-723x1024.jpg 723w, https:\/\/benebless.afcagh.com\/wp-content\/uploads\/2026\/05\/benebless-travel-2-1-768x1087.jpg 768w\" sizes=\"(max-width: 904px) 100vw, 904px\" title=\"Services\">\t\t\t\t\t\t\t\t\t\t\t\t\t\t\t<\/div>\n\t\t\t\t<\/div>\n\t\t<div class=\"elementor-element elementor-element-de69b16 e-con-full e-flex e-con e-child\" data-id=\"de69b16\" data-element_type=\"container\" data-e-type=\"container\">\n\t\t\t\t<div class=\"elementor-element elementor-element-aaf103a elementor-widget elementor-widget-heading\" data-id=\"aaf103a\" data-element_type=\"widget\" data-e-type=\"widget\" data-widget_type=\"heading.default\">\n\t\t\t\t\t<p class=\"elementor-heading-title elementor-size-default\">01<\/p>\t\t\t\t<\/div>\n\t\t\t\t<div class=\"elementor-element elementor-element-6a34afb elementor-widget elementor-widget-hfe-infocard\" data-id=\"6a34afb\" data-element_type=\"widget\" data-e-type=\"widget\" data-widget_type=\"hfe-infocard.default\">\n\t\t\t\t<div class=\"elementor-widget-container\">\n\t\t\t\t\t\n\t\t<div class=\"hfe-infocard\">\n\t\t\t\t\t\t\t\t\t<div class=\"hfe-infocard-title-wrap\">\n\t\t\t\t<h3 class=\"hfe-infocard-title elementor-inline-editing\" data-elementor-setting-key=\"infocard_title\" data-elementor-inline-editing-toolbar=\"basic\" >R\u00e9servation de vol<\/h3>\t\t\t<\/div>\n\t\t\t\t\t\t<div class=\"hfe-infocard-text-wrap\">\n\t\t\t\t<div class=\"hfe-infocard-text elementor-inline-editing\" data-elementor-setting-key=\"infocard_description\" data-elementor-inline-editing-toolbar=\"advanced\">\n\t\t\t\t\tNotre service d'assistance \u00e0 la r\u00e9servation de vols offre \u00e0 nos clients un soutien expert pour trouver des options de vol appropri\u00e9es, comparer les tarifs et naviguer dans le processus de r\u00e9servation en toute simplicit\u00e9.\t\t\t\t<\/div>\n\t\t\t\t\t\t\t<\/div>\n\t\t<\/div>\n\n\t\t\t\t\t\t<\/div>\n\t\t\t\t<\/div>\n\t\t\t\t<div class=\"elementor-element elementor-element-a2ba344 elementor-align-left elementor-widget elementor-widget-button\" data-id=\"a2ba344\" data-element_type=\"widget\" data-e-type=\"widget\" data-widget_type=\"button.default\">\n\t\t\t\t\t\t\t\t\t\t<a class=\"elementor-button elementor-button-link elementor-size-sm\" href=\"\/fr\/offerings\/\">\n\t\t\t\t\t\t<span class=\"elementor-button-content-wrapper\">\n\t\t\t\t\t\t\t\t\t<span class=\"elementor-button-text\">D\u00e9marrer<\/span>\n\t\t\t\t\t<\/span>\n\t\t\t\t\t<\/a>\n\t\t\t\t\t\t\t\t<\/div>\n\t\t\t\t<\/div>\n\t\t\t\t<\/div>\n\t\t<div class=\"elementor-element elementor-element-1671a9e e-con-full e-flex e-con e-child\" data-id=\"1671a9e\" data-element_type=\"container\" data-e-type=\"container\">\n\t\t<div class=\"elementor-element elementor-element-9e1cc28 e-con-full e-flex e-con e-child\" data-id=\"9e1cc28\" data-element_type=\"container\" data-e-type=\"container\">\n\t\t\t\t<div class=\"elementor-element elementor-element-98554cc elementor-widget elementor-widget-heading\" data-id=\"98554cc\" data-element_type=\"widget\" data-e-type=\"widget\" data-widget_type=\"heading.default\">\n\t\t\t\t\t<p class=\"elementor-heading-title elementor-size-default\">02<\/p>\t\t\t\t<\/div>\n\t\t\t\t<div class=\"elementor-element elementor-element-68c108f elementor-widget elementor-widget-hfe-infocard\" data-id=\"68c108f\" data-element_type=\"widget\" data-e-type=\"widget\" data-widget_type=\"hfe-infocard.default\">\n\t\t\t\t<div class=\"elementor-widget-container\">\n\t\t\t\t\t\n\t\t<div class=\"hfe-infocard\">\n\t\t\t\t\t\t\t\t\t<div class=\"hfe-infocard-title-wrap\">\n\t\t\t\t<h3 class=\"hfe-infocard-title elementor-inline-editing\" data-elementor-setting-key=\"infocard_title\" data-elementor-inline-editing-toolbar=\"basic\" >Conseil en voyage<\/h3>\t\t\t<\/div>\n\t\t\t\t\t\t<div class=\"hfe-infocard-text-wrap\">\n\t\t\t\t<div class=\"hfe-infocard-text elementor-inline-editing\" data-elementor-setting-key=\"infocard_description\" data-elementor-inline-editing-toolbar=\"advanced\">\n\t\t\t\t\tAvec la Consultation Voyage personnalis\u00e9e, nous guidons les individus \u00e0 travers tous les aspects de la planification de voyage, y compris le budget, les destinations et la pr\u00e9paration pour assurer un voyage sans encombre.\t\t\t\t<\/div>\n\t\t\t\t\t\t\t<\/div>\n\t\t<\/div>\n\n\t\t\t\t\t\t<\/div>\n\t\t\t\t<\/div>\n\t\t\t\t<div class=\"elementor-element elementor-element-85047d6 elementor-align-left elementor-widget elementor-widget-button\" data-id=\"85047d6\" data-element_type=\"widget\" data-e-type=\"widget\" data-widget_type=\"button.default\">\n\t\t\t\t\t\t\t\t\t\t<a class=\"elementor-button elementor-button-link elementor-size-sm\" href=\"\/fr\/offerings\/\">\n\t\t\t\t\t\t<span class=\"elementor-button-content-wrapper\">\n\t\t\t\t\t\t\t\t\t<span class=\"elementor-button-text\">D\u00e9marrer<\/span>\n\t\t\t\t\t<\/span>\n\t\t\t\t\t<\/a>\n\t\t\t\t\t\t\t\t<\/div>\n\t\t\t\t<\/div>\n\t\t<div class=\"elementor-element elementor-element-ba03359 e-con-full e-flex e-con e-child\" data-id=\"ba03359\" data-element_type=\"container\" data-e-type=\"container\">\n\t\t\t\t<div class=\"elementor-element elementor-element-6324539 elementor-widget elementor-widget-image\" data-id=\"6324539\" data-element_type=\"widget\" data-e-type=\"widget\" data-widget_type=\"image.default\">\n\t\t\t\t\t\t\t\t\t\t\t\t\t\t\t<img decoding=\"async\" width=\"1054\" height=\"1492\" src=\"https:\/\/benebless.afcagh.com\/wp-content\/uploads\/2026\/05\/benebless-travel-1-1.jpg\" class=\"attachment-full size-full wp-image-536\" alt=\"benebless travel 1.jpg\" srcset=\"https:\/\/benebless.afcagh.com\/wp-content\/uploads\/2026\/05\/benebless-travel-1-1.jpg 1054w, https:\/\/benebless.afcagh.com\/wp-content\/uploads\/2026\/05\/benebless-travel-1-1-212x300.jpg 212w, https:\/\/benebless.afcagh.com\/wp-content\/uploads\/2026\/05\/benebless-travel-1-1-723x1024.jpg 723w, https:\/\/benebless.afcagh.com\/wp-content\/uploads\/2026\/05\/benebless-travel-1-1-768x1087.jpg 768w\" sizes=\"(max-width: 1054px) 100vw, 1054px\" title=\"Services\">\t\t\t\t\t\t\t\t\t\t\t\t\t\t\t<\/div>\n\t\t\t\t<\/div>\n\t\t\t\t<\/div>\n\t\t<div class=\"elementor-element elementor-element-0140104 e-con-full e-flex e-con e-child\" data-id=\"0140104\" data-element_type=\"container\" data-e-type=\"container\">\n\t\t<div class=\"elementor-element elementor-element-6e4128f e-con-full e-flex e-con e-child\" data-id=\"6e4128f\" data-element_type=\"container\" data-e-type=\"container\">\n\t\t\t\t<div class=\"elementor-element elementor-element-fc9cd32 elementor-widget elementor-widget-image\" data-id=\"fc9cd32\" data-element_type=\"widget\" data-e-type=\"widget\" data-widget_type=\"image.default\">\n\t\t\t\t\t\t\t\t\t\t\t\t\t\t\t<img decoding=\"async\" width=\"1280\" height=\"853\" src=\"https:\/\/benebless.afcagh.com\/wp-content\/uploads\/2026\/05\/pexels-photo-16043536-1.jpeg\" class=\"attachment-full size-full wp-image-523\" alt=\"pexels photo 16043536.jpeg\" srcset=\"https:\/\/benebless.afcagh.com\/wp-content\/uploads\/2026\/05\/pexels-photo-16043536-1.jpeg 1280w, https:\/\/benebless.afcagh.com\/wp-content\/uploads\/2026\/05\/pexels-photo-16043536-1-300x200.jpeg 300w, https:\/\/benebless.afcagh.com\/wp-content\/uploads\/2026\/05\/pexels-photo-16043536-1-1024x682.jpeg 1024w, https:\/\/benebless.afcagh.com\/wp-content\/uploads\/2026\/05\/pexels-photo-16043536-1-768x512.jpeg 768w\" sizes=\"(max-width: 1280px) 100vw, 1280px\" title=\"Services\">\t\t\t\t\t\t\t\t\t\t\t\t\t\t\t<\/div>\n\t\t\t\t<\/div>\n\t\t<div class=\"elementor-element elementor-element-60a31fe e-con-full e-flex e-con e-child\" data-id=\"60a31fe\" data-element_type=\"container\" data-e-type=\"container\">\n\t\t\t\t<div class=\"elementor-element elementor-element-3051a15 elementor-widget elementor-widget-heading\" data-id=\"3051a15\" data-element_type=\"widget\" data-e-type=\"widget\" data-widget_type=\"heading.default\">\n\t\t\t\t\t<p class=\"elementor-heading-title elementor-size-default\">03<\/p>\t\t\t\t<\/div>\n\t\t\t\t<div class=\"elementor-element elementor-element-208e3da elementor-widget elementor-widget-hfe-infocard\" data-id=\"208e3da\" data-element_type=\"widget\" data-e-type=\"widget\" data-widget_type=\"hfe-infocard.default\">\n\t\t\t\t<div class=\"elementor-widget-container\">\n\t\t\t\t\t\n\t\t<div class=\"hfe-infocard\">\n\t\t\t\t\t\t\t\t\t<div class=\"hfe-infocard-title-wrap\">\n\t\t\t\t<h3 class=\"hfe-infocard-title elementor-inline-editing\" data-elementor-setting-key=\"infocard_title\" data-elementor-inline-editing-toolbar=\"basic\" >Orientation Visa<\/h3>\t\t\t<\/div>\n\t\t\t\t\t\t<div class=\"hfe-infocard-text-wrap\">\n\t\t\t\t<div class=\"hfe-infocard-text elementor-inline-editing\" data-elementor-setting-key=\"infocard_description\" data-elementor-inline-editing-toolbar=\"advanced\">\n\t\t\t\t\tNotre Assistance Visa offre un accompagnement professionnel pour les documents de voyage et le processus de pr\u00e9paration des visas, garantissant ainsi des pr\u00e9paratifs de voyage sans tracas et conformes \u00e0 la r\u00e9glementation.\t\t\t\t<\/div>\n\t\t\t\t\t\t\t<\/div>\n\t\t<\/div>\n\n\t\t\t\t\t\t<\/div>\n\t\t\t\t<\/div>\n\t\t\t\t<div class=\"elementor-element elementor-element-a855aac elementor-align-left elementor-widget elementor-widget-button\" data-id=\"a855aac\" data-element_type=\"widget\" data-e-type=\"widget\" data-widget_type=\"button.default\">\n\t\t\t\t\t\t\t\t\t\t<a class=\"elementor-button elementor-button-link elementor-size-sm\" href=\"\/fr\/offerings\/\">\n\t\t\t\t\t\t<span class=\"elementor-button-content-wrapper\">\n\t\t\t\t\t\t\t\t\t<span class=\"elementor-button-text\">D\u00e9marrer<\/span>\n\t\t\t\t\t<\/span>\n\t\t\t\t\t<\/a>\n\t\t\t\t\t\t\t\t<\/div>\n\t\t\t\t<\/div>\n\t\t\t\t<\/div>\n\t\t\t\t\t<\/div>\n\t\t\t\t<\/div>\n\t\t<div class=\"elementor-element elementor-element-adb960c e-flex e-con-boxed e-con e-parent\" data-id=\"adb960c\" data-element_type=\"container\" data-e-type=\"container\" data-settings=\"{&quot;background_background&quot;:&quot;classic&quot;}\">\n\t\t\t\t\t<div class=\"e-con-inner\">\n\t\t\t\t<div class=\"elementor-element elementor-element-73e4656 elementor-widget elementor-widget-testimonial\" data-id=\"73e4656\" data-element_type=\"widget\" data-e-type=\"widget\" data-widget_type=\"testimonial.default\">\n\t\t\t\t\t\t\t<div class=\"elementor-testimonial-wrapper\">\n\t\t\t\t\t\t\t<div class=\"elementor-testimonial-content\">BeneBless Travel Co. a rendu ma premi\u00e8re exp\u00e9rience de voyage tellement fluide et agr\u00e9able ! Leur soutien a \u00e9t\u00e9 exceptionnel et inestimable. Fortement recommand\u00e9 !<\/div>\n\t\t\t\n\t\t\t\t\t\t<div class=\"elementor-testimonial-meta elementor-has-image elementor-testimonial-image-position-top\">\n\t\t\t\t<div class=\"elementor-testimonial-meta-inner\">\n\t\t\t\t\t\t\t\t\t\t\t<div class=\"elementor-testimonial-image\">\n\t\t\t\t\t\t\t<img loading=\"lazy\" decoding=\"async\" width=\"150\" height=\"150\" src=\"https:\/\/benebless.afcagh.com\/wp-content\/uploads\/2026\/05\/testimonial-skip-02.jpeg\" class=\"attachment-full size-full wp-image-537\" alt=\"testimonial skip 02.jpeg\" title=\"Services\">\t\t\t\t\t\t<\/div>\n\t\t\t\t\t\n\t\t\t\t\t\t\t\t\t\t<div class=\"elementor-testimonial-details\">\n\t\t\t\t\t\t\t\t\t\t\t\t\t\t<div class=\"elementor-testimonial-name\">Sarah Johnson<\/div>\n\t\t\t\t\t\t\t\t\t\t\t\t\t\t\t\t\t\t\t<\/div>\n\t\t\t\t\t\t\t\t\t<\/div>\n\t\t\t<\/div>\n\t\t\t\t\t<\/div>\n\t\t\t\t\t\t<\/div>\n\t\t\t\t\t<\/div>\n\t\t\t\t<\/div>\n\t\t<div class=\"elementor-element elementor-element-e7a6a7a e-flex e-con-boxed e-con e-parent\" data-id=\"e7a6a7a\" data-element_type=\"container\" data-e-type=\"container\" data-settings=\"{&quot;background_background&quot;:&quot;classic&quot;}\">\n\t\t\t\t\t<div class=\"e-con-inner\">\n\t\t\t\t<div class=\"elementor-element elementor-element-dec54f0 elementor-widget elementor-widget-image-box\" data-id=\"dec54f0\" data-element_type=\"widget\" data-e-type=\"widget\" data-widget_type=\"image-box.default\">\n\t\t\t\t\t<div class=\"elementor-image-box-wrapper\"><div class=\"elementor-image-box-content\"><h2 class=\"elementor-image-box-title\">Pourquoi choisir BeneBless Travel Co. pour vos voyages<\/h2><p class=\"elementor-image-box-description\">Nous privil\u00e9gions un support client personnalis\u00e9, des solutions abordables et des conseils pratiques pour rendre vos r\u00eaves de voyage r\u00e9alisables et sans stress.<\/p><\/div><\/div>\t\t\t\t<\/div>\n\t\t<div class=\"elementor-element elementor-element-3c9b079 e-con-full e-flex e-con e-child\" data-id=\"3c9b079\" data-element_type=\"container\" data-e-type=\"container\">\n\t\t<div class=\"elementor-element elementor-element-7789b9e e-con-full e-flex e-con e-child\" data-id=\"7789b9e\" data-element_type=\"container\" data-e-type=\"container\">\n\t\t\t\t<div class=\"elementor-element elementor-element-254380d elementor-widget elementor-widget-image\" data-id=\"254380d\" data-element_type=\"widget\" data-e-type=\"widget\" data-widget_type=\"image.default\">\n\t\t\t\t\t\t\t\t\t\t\t\t\t\t\t<img loading=\"lazy\" decoding=\"async\" width=\"700\" height=\"933\" src=\"https:\/\/benebless.afcagh.com\/wp-content\/uploads\/2026\/05\/pexels-photo-32687844-1.jpeg\" class=\"attachment-full size-full wp-image-525\" alt=\"pexels photo 32687844.jpeg\" srcset=\"https:\/\/benebless.afcagh.com\/wp-content\/uploads\/2026\/05\/pexels-photo-32687844-1.jpeg 700w, https:\/\/benebless.afcagh.com\/wp-content\/uploads\/2026\/05\/pexels-photo-32687844-1-225x300.jpeg 225w\" sizes=\"(max-width: 700px) 100vw, 700px\" title=\"Services\">\t\t\t\t\t\t\t\t\t\t\t\t\t\t\t<\/div>\n\t\t\t\t<div class=\"elementor-element elementor-element-11a0bbf elementor-widget elementor-widget-hfe-infocard\" data-id=\"11a0bbf\" data-element_type=\"widget\" data-e-type=\"widget\" data-widget_type=\"hfe-infocard.default\">\n\t\t\t\t<div class=\"elementor-widget-container\">\n\t\t\t\t\t\n\t\t<div class=\"hfe-infocard\">\n\t\t\t\t\t\t\t\t\t<div class=\"hfe-infocard-title-wrap\">\n\t\t\t\t<h3 class=\"hfe-infocard-title elementor-inline-editing\" data-elementor-setting-key=\"infocard_title\" data-elementor-inline-editing-toolbar=\"basic\" >Assistance personnalis\u00e9e<\/h3>\t\t\t<\/div>\n\t\t\t\t\t\t<div class=\"hfe-infocard-text-wrap\">\n\t\t\t\t<div class=\"hfe-infocard-text elementor-inline-editing\" data-elementor-setting-key=\"infocard_description\" data-elementor-inline-editing-toolbar=\"advanced\">\n\t\t\t\t\tChez BeneBless Travel Co., nous croyons en la fourniture d'un soutien personnalis\u00e9 \u00e0 chaque voyageur, garantissant que vos besoins uniques sont satisfaits \u00e0 chaque \u00e9tape.\t\t\t\t<\/div>\n\t\t\t\t\t\t\t<\/div>\n\t\t<\/div>\n\n\t\t\t\t\t\t<\/div>\n\t\t\t\t<\/div>\n\t\t\t\t<\/div>\n\t\t<div class=\"elementor-element elementor-element-9c4358c e-con-full e-flex e-con e-child\" data-id=\"9c4358c\" data-element_type=\"container\" data-e-type=\"container\">\n\t\t\t\t<div class=\"elementor-element elementor-element-395caf4 elementor-widget elementor-widget-image\" data-id=\"395caf4\" data-element_type=\"widget\" data-e-type=\"widget\" data-widget_type=\"image.default\">\n\t\t\t\t\t\t\t\t\t\t\t\t\t\t\t<img loading=\"lazy\" decoding=\"async\" width=\"700\" height=\"1050\" src=\"https:\/\/benebless.afcagh.com\/wp-content\/uploads\/2026\/05\/pexels-photo-12777366-1.jpeg\" class=\"attachment-full size-full wp-image-526\" alt=\"pexels photo 12777366.jpeg\" srcset=\"https:\/\/benebless.afcagh.com\/wp-content\/uploads\/2026\/05\/pexels-photo-12777366-1.jpeg 700w, https:\/\/benebless.afcagh.com\/wp-content\/uploads\/2026\/05\/pexels-photo-12777366-1-200x300.jpeg 200w, https:\/\/benebless.afcagh.com\/wp-content\/uploads\/2026\/05\/pexels-photo-12777366-1-683x1024.jpeg 683w\" sizes=\"(max-width: 700px) 100vw, 700px\" title=\"Services\">\t\t\t\t\t\t\t\t\t\t\t\t\t\t\t<\/div>\n\t\t\t\t<div class=\"elementor-element elementor-element-2691832 elementor-widget elementor-widget-hfe-infocard\" data-id=\"2691832\" data-element_type=\"widget\" data-e-type=\"widget\" data-widget_type=\"hfe-infocard.default\">\n\t\t\t\t<div class=\"elementor-widget-container\">\n\t\t\t\t\t\n\t\t<div class=\"hfe-infocard\">\n\t\t\t\t\t\t\t\t\t<div class=\"hfe-infocard-title-wrap\">\n\t\t\t\t<h3 class=\"hfe-infocard-title elementor-inline-editing\" data-elementor-setting-key=\"infocard_title\" data-elementor-inline-editing-toolbar=\"basic\" >Expertise fiable<\/h3>\t\t\t<\/div>\n\t\t\t\t\t\t<div class=\"hfe-infocard-text-wrap\">\n\t\t\t\t<div class=\"hfe-infocard-text elementor-inline-editing\" data-elementor-setting-key=\"infocard_description\" data-elementor-inline-editing-toolbar=\"advanced\">\n\t\t\t\t\tGr\u00e2ce \u00e0 la connaissance approfondie des tendances touristiques et \u00e0 la ma\u00eetrise des sp\u00e9cificit\u00e9s locales dont dispose notre \u00e9quipe, vous pouvez prendre vos d\u00e9cisions de voyage en toute confiance et en toute connaissance de cause.\t\t\t\t<\/div>\n\t\t\t\t\t\t\t<\/div>\n\t\t<\/div>\n\n\t\t\t\t\t\t<\/div>\n\t\t\t\t<\/div>\n\t\t\t\t<\/div>\n\t\t\t\t<\/div>\n\t\t\t\t\t<\/div>\n\t\t\t\t<\/div>\n\t\t<div class=\"elementor-element elementor-element-3586991 e-flex e-con-boxed e-con e-parent\" data-id=\"3586991\" data-element_type=\"container\" data-e-type=\"container\" data-settings=\"{&quot;background_background&quot;:&quot;classic&quot;}\">\n\t\t\t\t\t<div class=\"e-con-inner\">\n\t\t\t\t<div class=\"elementor-element elementor-element-fab137f elementor-widget elementor-widget-image-box\" data-id=\"fab137f\" data-element_type=\"widget\" data-e-type=\"widget\" data-widget_type=\"image-box.default\">\n\t\t\t\t\t<div class=\"elementor-image-box-wrapper\"><div class=\"elementor-image-box-content\"><h2 class=\"elementor-image-box-title\">Commencez votre aventure d\u00e8s aujourd'hui<\/h2><p class=\"elementor-image-box-description\">Contactez-nous pour une assistance de voyage personnalis\u00e9e et commencez \u00e0 planifier votre voyage de r\u00eave avec BeneBless Travel Co.<\/p><\/div><\/div>\t\t\t\t<\/div>\n\t\t\t\t<div class=\"elementor-element elementor-element-7d5a716 elementor-align-center elementor-widget elementor-widget-button\" data-id=\"7d5a716\" data-element_type=\"widget\" data-e-type=\"widget\" data-widget_type=\"button.default\">\n\t\t\t\t\t\t\t\t\t\t<a class=\"elementor-button elementor-button-link elementor-size-sm\" href=\"#\">\n\t\t\t\t\t\t<span class=\"elementor-button-content-wrapper\">\n\t\t\t\t\t\t\t\t\t<span class=\"elementor-button-text\">D\u00e9marrer<\/span>\n\t\t\t\t\t<\/span>\n\t\t\t\t\t<\/a>\n\t\t\t\t\t\t\t\t<\/div>\n\t\t\t\t\t<\/div>\n\t\t\t\t<\/div>\n\t\t\t\t<\/div>","protected":false},"excerpt":{"rendered":"","protected":false},"author":1,"featured_media":0,"parent":0,"menu_order":0,"comment_status":"closed","ping_status":"closed","template":"","meta":{"site-sidebar-layout":"no-sidebar","site-content-layout":"","ast-site-content-layout":"full-width-container","site-content-style":"default","site-sidebar-style":"default","ast-global-header-display":"","ast-banner-title-visibility":"","ast-main-header-display":"","ast-hfb-above-header-display":"","ast-hfb-below-header-display":"","ast-hfb-mobile-header-display":"","site-post-title":"disabled","ast-breadcrumbs-content":"","ast-featured-img":"disabled","footer-sml-layout":"","ast-disable-related-posts":"","theme-transparent-header-meta":"","adv-header-id-meta":"","stick-header-meta":"","header-above-stick-meta":"","header-main-stick-meta":"","header-below-stick-meta":"","astra-migrate-meta-layouts":"default","ast-page-background-enabled":"default","ast-page-background-meta":{"desktop":{"background-color":"var(--ast-global-color-5)","background-image":"","background-repeat":"repeat","background-position":"center center","background-size":"auto","background-attachment":"scroll","background-type":"","background-media":"","overlay-type":"","overlay-color":"","overlay-opacity":"","overlay-gradient":""},"tablet":{"background-color":"","background-image":"","background-repeat":"repeat","background-position":"center center","background-size":"auto","background-attachment":"scroll","background-type":"","background-media":"","overlay-type":"","overlay-color":"","overlay-opacity":"","overlay-gradient":""},"mobile":{"background-color":"","background-image":"","background-repeat":"repeat","background-position":"center center","background-size":"auto","background-attachment":"scroll","background-type":"","background-media":"","overlay-type":"","overlay-color":"","overlay-opacity":"","overlay-gradient":""}},"ast-content-background-meta":{"desktop":{"background-color":"var(--ast-global-color-4)","background-image":"","background-repeat":"repeat","background-position":"center center","background-size":"auto","background-attachment":"scroll","background-type":"","background-media":"","overlay-type":"","overlay-color":"","overlay-opacity":"","overlay-gradient":""},"tablet":{"background-color":"var(--ast-global-color-4)","background-image":"","background-repeat":"repeat","background-position":"center center","background-size":"auto","background-attachment":"scroll","background-type":"","background-media":"","overlay-type":"","overlay-color":"","overlay-opacity":"","overlay-gradient":""},"mobile":{"background-color":"var(--ast-global-color-4)","background-image":"","background-repeat":"repeat","background-position":"center center","background-size":"auto","background-attachment":"scroll","background-type":"","background-media":"","overlay-type":"","overlay-color":"","overlay-opacity":"","overlay-gradient":""}},"footnotes":""},"class_list":["post-277","page","type-page","status-publish","hentry"],"_links":{"self":[{"href":"https:\/\/benebless.afcagh.com\/fr\/wp-json\/wp\/v2\/pages\/277","targetHints":{"allow":["GET"]}}],"collection":[{"href":"https:\/\/benebless.afcagh.com\/fr\/wp-json\/wp\/v2\/pages"}],"about":[{"href":"https:\/\/benebless.afcagh.com\/fr\/wp-json\/wp\/v2\/types\/page"}],"author":[{"embeddable":true,"href":"https:\/\/benebless.afcagh.com\/fr\/wp-json\/wp\/v2\/users\/1"}],"replies":[{"embeddable":true,"href":"https:\/\/benebless.afcagh.com\/fr\/wp-json\/wp\/v2\/comments?post=277"}],"version-history":[{"count":2,"href":"https:\/\/benebless.afcagh.com\/fr\/wp-json\/wp\/v2\/pages\/277\/revisions"}],"predecessor-version":[{"id":559,"href":"https:\/\/benebless.afcagh.com\/fr\/wp-json\/wp\/v2\/pages\/277\/revisions\/559"}],"wp:attachment":[{"href":"https:\/\/benebless.afcagh.com\/fr\/wp-json\/wp\/v2\/media?parent=277"}],"curies":[{"name":"wp","href":"https:\/\/api.w.org\/{rel}","templated":true}]}}